{"id":10663,"date":"2025-06-03T13:55:41","date_gmt":"2025-06-03T11:55:41","guid":{"rendered":"https:\/\/www.isoppido.edu.it\/?page_id=10663"},"modified":"2025-06-11T20:08:40","modified_gmt":"2025-06-11T18:08:40","slug":"privacy","status":"publish","type":"page","link":"https:\/\/www.isoppido.edu.it\/index.php\/privacy\/","title":{"rendered":"Privacy"},"content":{"rendered":"\n<p>La tutela della privacy e la protezione dei dati personali rappresentano valori fondamentali per il nostro istituto. In questa sezione troverete tutte le informazioni relative al trattamento dei datipersonali da parte della scuola, in piena conformit\u00e0 con il Regolamento Generale sulla Protezione<br>dei Dati (GDPR) e la normativa italiana vigente.<br>Qui potrete consultare l&#8217;informativa privacy completa, conoscere le modalit\u00e0 di raccolta e utilizzo dei dati di studenti, famiglie e personale scolastico, e scoprire quali sono i vostri diritti in materia di protezione dei dati.<br>Troverete inoltre i moduli per l&#8217;esercizio dei diritti previsti dalla normativa e i contatti del<br>Responsabile della Protezione dei Dati (DPO) per eventuali chiarimenti o segnalazioni.<br>Il nostro impegno \u00e8 garantire massima trasparenza e sicurezza nel trattamento delle informazioni personali, nel rispetto della dignit\u00e0 e dei diritti di tutta la comunit\u00e0 scolastica.<\/p>\n\n\n\n<div data-wp-interactive=\"\" class=\"wp-block-file\"><object data-wp-bind--hidden=\"!selectors.core.file.hasPdfPreview\" hidden class=\"wp-block-file__embed\" data=\"https:\/\/www.isoppido.edu.it\/wp-content\/uploads\/2025\/06\/Informativa_dipendenti-signed.pdf\" type=\"application\/pdf\" style=\"width:100%;height:600px\" aria-label=\"Incorporamento di Informativa_dipendenti-signed.\"><\/object><a id=\"wp-block-file--media-f7457995-213c-4d6f-9225-e3aa7fab0803\" href=\"https:\/\/www.isoppido.edu.it\/wp-content\/uploads\/2025\/06\/Informativa_dipendenti-signed.pdf\">Informativa_dipendenti-signed<\/a><a href=\"https:\/\/www.isoppido.edu.it\/wp-content\/uploads\/2025\/06\/Informativa_dipendenti-signed.pdf\" class=\"wp-block-file__button wp-element-button\" download aria-describedby=\"wp-block-file--media-f7457995-213c-4d6f-9225-e3aa7fab0803\">Download<\/a><\/div>\n\n\n\n<div data-wp-interactive=\"\" class=\"wp-block-file\"><object data-wp-bind--hidden=\"!selectors.core.file.hasPdfPreview\" hidden class=\"wp-block-file__embed\" data=\"https:\/\/www.isoppido.edu.it\/wp-content\/uploads\/2025\/06\/Informativa_alunni_e_famiglie_1_1-signed.pdf\" type=\"application\/pdf\" style=\"width:100%;height:600px\" aria-label=\"Incorporamento di Informativa_alunni_e_famiglie_1_1-signed.\"><\/object><a id=\"wp-block-file--media-9b01387d-d9a9-4001-b858-3a29e0a42fb1\" href=\"https:\/\/www.isoppido.edu.it\/wp-content\/uploads\/2025\/06\/Informativa_alunni_e_famiglie_1_1-signed.pdf\">Informativa_alunni_e_famiglie_1_1-signed<\/a><a href=\"https:\/\/www.isoppido.edu.it\/wp-content\/uploads\/2025\/06\/Informativa_alunni_e_famiglie_1_1-signed.pdf\" class=\"wp-block-file__button wp-element-button\" download aria-describedby=\"wp-block-file--media-9b01387d-d9a9-4001-b858-3a29e0a42fb1\">Download<\/a><\/div>\n","protected":false},"excerpt":{"rendered":"<p>La tutela della privacy e la protezione dei dati personali rappresentano valori fondamentali per il nostro istituto. In questa sezione troverete tutte le informazioni relative al trattamento dei datipersonali da parte della scuola, in piena conformit\u00e0 [&hellip;]<\/p>\n","protected":false},"author":1,"featured_media":0,"parent":0,"menu_order":0,"comment_status":"closed","ping_status":"closed","template":"","meta":{"footnotes":""},"tags":[],"_links":{"self":[{"href":"https:\/\/www.isoppido.edu.it\/index.php\/wp-json\/wp\/v2\/pages\/10663"}],"collection":[{"href":"https:\/\/www.isoppido.edu.it\/index.php\/wp-json\/wp\/v2\/pages"}],"about":[{"href":"https:\/\/www.isoppido.edu.it\/index.php\/wp-json\/wp\/v2\/types\/page"}],"author":[{"embeddable":true,"href":"https:\/\/www.isoppido.edu.it\/index.php\/wp-json\/wp\/v2\/users\/1"}],"replies":[{"embeddable":true,"href":"https:\/\/www.isoppido.edu.it\/index.php\/wp-json\/wp\/v2\/comments?post=10663"}],"version-history":[{"count":3,"href":"https:\/\/www.isoppido.edu.it\/index.php\/wp-json\/wp\/v2\/pages\/10663\/revisions"}],"predecessor-version":[{"id":10684,"href":"https:\/\/www.isoppido.edu.it\/index.php\/wp-json\/wp\/v2\/pages\/10663\/revisions\/10684"}],"wp:attachment":[{"href":"https:\/\/www.isoppido.edu.it\/index.php\/wp-json\/wp\/v2\/media?parent=10663"}],"wp:term":[{"taxonomy":"post_tag","embeddable":true,"href":"https:\/\/www.isoppido.edu.it\/index.php\/wp-json\/wp\/v2\/tags?post=10663"}],"curies":[{"name":"wp","href":"https:\/\/api.w.org\/{rel}","templated":true}]}}