{"id":7749,"date":"2023-09-06T09:21:33","date_gmt":"2023-09-06T09:21:33","guid":{"rendered":"https:\/\/www.isoppido.edu.it\/?page_id=7189"},"modified":"2024-11-07T14:55:28","modified_gmt":"2024-11-07T13:55:28","slug":"indirizzi-utili","status":"publish","type":"page","link":"https:\/\/www.isoppido.edu.it\/index.php\/indirizzi-utili\/","title":{"rendered":"Indirizzi e Numeri Telefonici"},"content":{"rendered":"<p>\u00a0<\/p>\n<h2>Orari apertura della segreteria Oppido M.: dalle ore 11:30 alle 13:30 dal lunedi al venerd\u00ec, il marted\u00ec e gioved\u00ec anche a Taurianova dalle 11:30 alle 13:30<\/h2>\n<p><strong>Centralino<\/strong>: Tel. 0966439125<\/p>\n<p><strong>OPPIDO MAMERTINA (RC)<\/strong><\/p>\n<ul>\n<li>\u00a0<strong>Sede Centrale<br \/>Presidenza, Liceo Scientifico, Ufficio di segreteria<\/strong><br \/>Corso Aspromonte n. 69<br \/>Tel. 096686186<\/li>\n<li>\u00a0<strong>Plesso Staccato: ITI BIENNIO<\/strong>: Via Vittorio Alfieri (Oppido Mamertina) tel.0966871012<\/li>\n<li>\u00a0<strong>Plesso Staccato: ITI TRIENNIO<\/strong>: Via Ugo Foscolo (Oppido Mamertina) tel. 0966870266<\/li>\n<li>\u00a0<b>email:<\/b>\u00a0rcis02200t@istruzione.it<\/li>\n<li>\u00a0<b>Pec:<\/b>\u00a0rcis02200t@pec.istruzione.it<\/li>\n<\/ul>\n<p><strong>TAURIANOVA (RC)<\/strong><\/p>\n<ul>\n<li>\u00a0<b>Plesso Staccato ITCG<\/b>: Via F.sco Sofia Alessio tel.\u00a00966 611002<\/li>\n<li>\u00a0<b>Plesso Staccato IPA<\/b>: Via F.sco Sofia Alessio tel.\u00a00966 611956<\/li>\n<\/ul>\n\n\n<p>Codice Meccanografico: <strong>RCIS02200T<\/strong><\/p>\n","protected":false},"excerpt":{"rendered":"<p>\u00a0 Orari apertura della segreteria Oppido M.: dalle ore 11:30 alle 13:30 dal lunedi al venerd\u00ec, il marted\u00ec e gioved\u00ec anche a Taurianova dalle 11:30 alle 13:30 Centralino: Tel. 0966439125 OPPIDO MAMERTINA (RC) \u00a0Sede CentralePresidenza, Liceo [&hellip;]<\/p>\n","protected":false},"author":1,"featured_media":0,"parent":0,"menu_order":0,"comment_status":"closed","ping_status":"closed","template":"","meta":{"footnotes":""},"tags":[],"_links":{"self":[{"href":"https:\/\/www.isoppido.edu.it\/index.php\/wp-json\/wp\/v2\/pages\/7749"}],"collection":[{"href":"https:\/\/www.isoppido.edu.it\/index.php\/wp-json\/wp\/v2\/pages"}],"about":[{"href":"https:\/\/www.isoppido.edu.it\/index.php\/wp-json\/wp\/v2\/types\/page"}],"author":[{"embeddable":true,"href":"https:\/\/www.isoppido.edu.it\/index.php\/wp-json\/wp\/v2\/users\/1"}],"replies":[{"embeddable":true,"href":"https:\/\/www.isoppido.edu.it\/index.php\/wp-json\/wp\/v2\/comments?post=7749"}],"version-history":[{"count":2,"href":"https:\/\/www.isoppido.edu.it\/index.php\/wp-json\/wp\/v2\/pages\/7749\/revisions"}],"predecessor-version":[{"id":9543,"href":"https:\/\/www.isoppido.edu.it\/index.php\/wp-json\/wp\/v2\/pages\/7749\/revisions\/9543"}],"wp:attachment":[{"href":"https:\/\/www.isoppido.edu.it\/index.php\/wp-json\/wp\/v2\/media?parent=7749"}],"wp:term":[{"taxonomy":"post_tag","embeddable":true,"href":"https:\/\/www.isoppido.edu.it\/index.php\/wp-json\/wp\/v2\/tags?post=7749"}],"curies":[{"name":"wp","href":"https:\/\/api.w.org\/{rel}","templated":true}]}}